{"id":744,"date":"2016-03-18T07:40:47","date_gmt":"2016-03-18T07:40:47","guid":{"rendered":"http:\/\/entwicklung.bsph.de\/fr\/?page_id=744"},"modified":"2019-06-12T10:25:12","modified_gmt":"2019-06-12T10:25:12","slug":"cabinet","status":"publish","type":"page","link":"https:\/\/bpsh.de\/fr\/cabinet\/","title":{"rendered":"Cabinet"},"content":{"rendered":"<h1>Notre Cabinet<\/h1>\n<p>BPSH Schrooten Haber Remus est un cabinet d\u2019avocats exer\u00e7ant dans tous les domaines\u00a0<strong>du droit de protection industrielle,<\/strong>\u00a0dont le Si\u00e8ge est \u00e9tabli \u00e0 D\u00fcsseldorf et \u00e0 Munich en Allemagne.<\/p>\n<p>Ax\u00e9e sur un travail synerg\u00e9tique, l\u2019\u00e9troite collaboration entre nos avocats et nos conseils en brevets est pour nos clients la garantie de consultations comp\u00e9tentes et exhaustives dans les domaines suivants\u00a0:<\/p>\n<ul>\n<li><strong>le droit des brevets<\/strong>et\u00a0<strong>des mod\u00e8les d\u2018utilit\u00e9<\/strong>,<\/li>\n<li><strong>le droit du design<\/strong>(mod\u00e8les d\u00e9pos\u00e9s),<\/li>\n<li><strong>le droit des marques,<\/strong><\/li>\n<li><strong>le droit de la concurrence,<\/strong><\/li>\n<li><strong>les droits d\u2018auteurs,<\/strong><\/li>\n<li><strong>le droit des contrats de licence,<\/strong><\/li>\n<li><strong>le droit des inventions des salari\u00e9s <\/strong>ainsi que<\/li>\n<li><strong>le droit sur Internet et les domaines.<\/strong><\/li>\n<\/ul>\n<p>&nbsp;<\/p>\n<p>Nous assurons la conformit\u00e9 l\u00e9gale de vos actions aux dispositions du droit de la concurrence, du droit des marques et des droits d\u2018auteurs et nous vous repr\u00e9sentons notamment lors de la conclusion de <strong>contrats sp\u00e9cifiques.<\/strong><\/p>\n<p>Forts de nos relations p\u00e9rennes avec des partenaires au national et \u00e0 l\u2019international, nous sommes en mesure d\u2019apporter \u00e0 nos clients une assistance multidisciplinaire et transfrontali\u00e8re.<\/p>\n<p>Nous conseillons et repr\u00e9sentons des clients dans les secteurs <strong>de la recherche et de l\u2018industrie, les universit\u00e9s, les petites et moyennes entreprises et les start-up\u00a0<\/strong>mais nous mettons \u00e9galement un accent particulier sur le\u00a0<strong>conseil aux entreprises et aux salari\u00e9s\u00a0<\/strong>en mati\u00e8re de\u00a0<strong>droit du travail.<\/strong><\/p>\n<p>Depuis le mois d\u2018avril 2015, le Cabinet BPSH est une soci\u00e9t\u00e9 partenaire \u00e0 responsabilit\u00e9 limit\u00e9e (PartGmbB).<\/p>\n<p>&nbsp;<\/p>\n","protected":false},"excerpt":{"rendered":"<p>Notre Cabinet BPSH Schrooten Haber Remus est un cabinet d\u2019avocats exer\u00e7ant dans tous les domaines\u00a0du droit de protection industrielle,\u00a0dont le Si\u00e8ge est \u00e9tabli \u00e0 D\u00fcsseldorf et \u00e0 Munich en Allemagne. Ax\u00e9e sur un travail synerg\u00e9tique, l\u2019\u00e9troite collaboration entre nos avocats et nos conseils en brevets est pour nos clients la garantie de consultations comp\u00e9tentes et exhaustives dans les domaines suivants\u00a0: le droit des brevetset\u00a0des mod\u00e8les d\u2018utilit\u00e9, le droit du design(mod\u00e8les d\u00e9pos\u00e9s), le droit des marques, le droit de la concurrence, les droits d\u2018auteurs, le droit des contrats de licence, le droit des inventions des salari\u00e9s ainsi que le droit sur Internet et les domaines. &nbsp; Nous assurons la conformit\u00e9 l\u00e9gale de vos actions aux dispositions du droit de la concurrence, du droit des marques et des droits d\u2018auteurs et nous vous repr\u00e9sentons notamment lors de la conclusion de contrats sp\u00e9cifiques. Forts de nos relations p\u00e9rennes avec des partenaires au national et \u00e0 l\u2019international, nous sommes en mesure d\u2019apporter \u00e0 nos clients une assistance multidisciplinaire et transfrontali\u00e8re. Nous conseillons et repr\u00e9sentons des clients dans les secteurs de la recherche et de l\u2018industrie, les universit\u00e9s, les petites et moyennes entreprises et les start-up\u00a0mais nous mettons \u00e9galement un accent particulier sur le\u00a0conseil aux entreprises et aux salari\u00e9s\u00a0en mati\u00e8re de\u00a0droit du travail. Depuis le mois d\u2018avril 2015, le Cabinet BPSH est une soci\u00e9t\u00e9 partenaire \u00e0 responsabilit\u00e9 limit\u00e9e (PartGmbB). &nbsp;<\/p>\n","protected":false},"author":1,"featured_media":0,"parent":0,"menu_order":0,"comment_status":"open","ping_status":"open","template":"","meta":{"footnotes":""},"class_list":["post-744","page","type-page","status-publish","hentry"],"yoast_head":"<!-- This site is optimized with the Yoast SEO plugin v26.8 - https:\/\/yoast.com\/product\/yoast-seo-wordpress\/ -->\n<title>Cabinet - BPSH<\/title>\n<meta name=\"description\" content=\"BPSH Schrooten Haber Remus est un cabinet d\u2019avocats exer\u00e7ant dans tous les domaines\u00a0du droit de protection industrielle,\u00a0dont le Si\u00e8ge est \u00e9tabli \u00e0 D\u00fcsseldorf et \u00e0 Munich en Allemagne.\" \/>\n<meta name=\"robots\" content=\"index, follow, max-snippet:-1, max-image-preview:large, max-video-preview:-1\" \/>\n<link rel=\"canonical\" href=\"https:\/\/bpsh.de\/fr\/cabinet\/\" \/>\n<meta property=\"og:locale\" content=\"fr_FR\" \/>\n<meta property=\"og:type\" content=\"article\" \/>\n<meta property=\"og:title\" content=\"Cabinet - BPSH\" \/>\n<meta property=\"og:description\" content=\"BPSH Schrooten Haber Remus est un cabinet d\u2019avocats exer\u00e7ant dans tous les domaines\u00a0du droit de protection industrielle,\u00a0dont le Si\u00e8ge est \u00e9tabli \u00e0 D\u00fcsseldorf et \u00e0 Munich en Allemagne.\" \/>\n<meta property=\"og:url\" content=\"https:\/\/bpsh.de\/fr\/cabinet\/\" \/>\n<meta property=\"og:site_name\" content=\"BPSH\" \/>\n<meta property=\"article:modified_time\" content=\"2019-06-12T10:25:12+00:00\" \/>\n<meta name=\"twitter:card\" content=\"summary_large_image\" \/>\n<meta name=\"twitter:label1\" content=\"Dur\u00e9e de lecture estim\u00e9e\" \/>\n\t<meta name=\"twitter:data1\" content=\"1 minute\" \/>\n<script type=\"application\/ld+json\" class=\"yoast-schema-graph\">{\"@context\":\"https:\/\/schema.org\",\"@graph\":[{\"@type\":\"WebPage\",\"@id\":\"https:\/\/bpsh.de\/fr\/cabinet\/\",\"url\":\"https:\/\/bpsh.de\/fr\/cabinet\/\",\"name\":\"Cabinet - BPSH\",\"isPartOf\":{\"@id\":\"https:\/\/bpsh.de\/#website\"},\"datePublished\":\"2016-03-18T07:40:47+00:00\",\"dateModified\":\"2019-06-12T10:25:12+00:00\",\"description\":\"BPSH Schrooten Haber Remus est un cabinet d\u2019avocats exer\u00e7ant dans tous les domaines\u00a0du droit de protection industrielle,\u00a0dont le Si\u00e8ge est \u00e9tabli \u00e0 D\u00fcsseldorf et \u00e0 Munich en Allemagne.\",\"breadcrumb\":{\"@id\":\"https:\/\/bpsh.de\/fr\/cabinet\/#breadcrumb\"},\"inLanguage\":\"fr-FR\",\"potentialAction\":[{\"@type\":\"ReadAction\",\"target\":[\"https:\/\/bpsh.de\/fr\/cabinet\/\"]}]},{\"@type\":\"BreadcrumbList\",\"@id\":\"https:\/\/bpsh.de\/fr\/cabinet\/#breadcrumb\",\"itemListElement\":[{\"@type\":\"ListItem\",\"position\":1,\"name\":\"Startseite\",\"item\":\"https:\/\/bpsh.de\/fr\/\"},{\"@type\":\"ListItem\",\"position\":2,\"name\":\"Cabinet\"}]},{\"@type\":\"WebSite\",\"@id\":\"https:\/\/bpsh.de\/#website\",\"url\":\"https:\/\/bpsh.de\/\",\"name\":\"BPSH\",\"description\":\"Kanzlei f\u00fcr gewerblichen Rechtsschutz - Patente, Marken, Design\",\"publisher\":{\"@id\":\"https:\/\/bpsh.de\/#organization\"},\"potentialAction\":[{\"@type\":\"SearchAction\",\"target\":{\"@type\":\"EntryPoint\",\"urlTemplate\":\"https:\/\/bpsh.de\/?s={search_term_string}\"},\"query-input\":{\"@type\":\"PropertyValueSpecification\",\"valueRequired\":true,\"valueName\":\"search_term_string\"}}],\"inLanguage\":\"fr-FR\"},{\"@type\":\"Organization\",\"@id\":\"https:\/\/bpsh.de\/#organization\",\"name\":\"BPSH Schrooten Haber Remus Patent- und Rechtsanw\u00e4lte\",\"url\":\"https:\/\/bpsh.de\/\",\"logo\":{\"@type\":\"ImageObject\",\"inLanguage\":\"fr-FR\",\"@id\":\"https:\/\/bpsh.de\/#\/schema\/logo\/image\/\",\"url\":\"https:\/\/bpsh.de\/wp-content\/uploads\/2016\/03\/Logo-breiter-328x99-neue-Farbe-grau_-Arial-1.jpg\",\"contentUrl\":\"https:\/\/bpsh.de\/wp-content\/uploads\/2016\/03\/Logo-breiter-328x99-neue-Farbe-grau_-Arial-1.jpg\",\"width\":328,\"height\":99,\"caption\":\"BPSH Schrooten Haber Remus Patent- und Rechtsanw\u00e4lte\"},\"image\":{\"@id\":\"https:\/\/bpsh.de\/#\/schema\/logo\/image\/\"}}]}<\/script>\n<!-- \/ Yoast SEO plugin. -->","yoast_head_json":{"title":"Cabinet - BPSH","description":"BPSH Schrooten Haber Remus est un cabinet d\u2019avocats exer\u00e7ant dans tous les domaines\u00a0du droit de protection industrielle,\u00a0dont le Si\u00e8ge est \u00e9tabli \u00e0 D\u00fcsseldorf et \u00e0 Munich en Allemagne.","robots":{"index":"index","follow":"follow","max-snippet":"max-snippet:-1","max-image-preview":"max-image-preview:large","max-video-preview":"max-video-preview:-1"},"canonical":"https:\/\/bpsh.de\/fr\/cabinet\/","og_locale":"fr_FR","og_type":"article","og_title":"Cabinet - BPSH","og_description":"BPSH Schrooten Haber Remus est un cabinet d\u2019avocats exer\u00e7ant dans tous les domaines\u00a0du droit de protection industrielle,\u00a0dont le Si\u00e8ge est \u00e9tabli \u00e0 D\u00fcsseldorf et \u00e0 Munich en Allemagne.","og_url":"https:\/\/bpsh.de\/fr\/cabinet\/","og_site_name":"BPSH","article_modified_time":"2019-06-12T10:25:12+00:00","twitter_card":"summary_large_image","twitter_misc":{"Dur\u00e9e de lecture estim\u00e9e":"1 minute"},"schema":{"@context":"https:\/\/schema.org","@graph":[{"@type":"WebPage","@id":"https:\/\/bpsh.de\/fr\/cabinet\/","url":"https:\/\/bpsh.de\/fr\/cabinet\/","name":"Cabinet - BPSH","isPartOf":{"@id":"https:\/\/bpsh.de\/#website"},"datePublished":"2016-03-18T07:40:47+00:00","dateModified":"2019-06-12T10:25:12+00:00","description":"BPSH Schrooten Haber Remus est un cabinet d\u2019avocats exer\u00e7ant dans tous les domaines\u00a0du droit de protection industrielle,\u00a0dont le Si\u00e8ge est \u00e9tabli \u00e0 D\u00fcsseldorf et \u00e0 Munich en Allemagne.","breadcrumb":{"@id":"https:\/\/bpsh.de\/fr\/cabinet\/#breadcrumb"},"inLanguage":"fr-FR","potentialAction":[{"@type":"ReadAction","target":["https:\/\/bpsh.de\/fr\/cabinet\/"]}]},{"@type":"BreadcrumbList","@id":"https:\/\/bpsh.de\/fr\/cabinet\/#breadcrumb","itemListElement":[{"@type":"ListItem","position":1,"name":"Startseite","item":"https:\/\/bpsh.de\/fr\/"},{"@type":"ListItem","position":2,"name":"Cabinet"}]},{"@type":"WebSite","@id":"https:\/\/bpsh.de\/#website","url":"https:\/\/bpsh.de\/","name":"BPSH","description":"Kanzlei f\u00fcr gewerblichen Rechtsschutz - Patente, Marken, Design","publisher":{"@id":"https:\/\/bpsh.de\/#organization"},"potentialAction":[{"@type":"SearchAction","target":{"@type":"EntryPoint","urlTemplate":"https:\/\/bpsh.de\/?s={search_term_string}"},"query-input":{"@type":"PropertyValueSpecification","valueRequired":true,"valueName":"search_term_string"}}],"inLanguage":"fr-FR"},{"@type":"Organization","@id":"https:\/\/bpsh.de\/#organization","name":"BPSH Schrooten Haber Remus Patent- und Rechtsanw\u00e4lte","url":"https:\/\/bpsh.de\/","logo":{"@type":"ImageObject","inLanguage":"fr-FR","@id":"https:\/\/bpsh.de\/#\/schema\/logo\/image\/","url":"https:\/\/bpsh.de\/wp-content\/uploads\/2016\/03\/Logo-breiter-328x99-neue-Farbe-grau_-Arial-1.jpg","contentUrl":"https:\/\/bpsh.de\/wp-content\/uploads\/2016\/03\/Logo-breiter-328x99-neue-Farbe-grau_-Arial-1.jpg","width":328,"height":99,"caption":"BPSH Schrooten Haber Remus Patent- und Rechtsanw\u00e4lte"},"image":{"@id":"https:\/\/bpsh.de\/#\/schema\/logo\/image\/"}}]}},"_links":{"self":[{"href":"https:\/\/bpsh.de\/fr\/wp-json\/wp\/v2\/pages\/744","targetHints":{"allow":["GET"]}}],"collection":[{"href":"https:\/\/bpsh.de\/fr\/wp-json\/wp\/v2\/pages"}],"about":[{"href":"https:\/\/bpsh.de\/fr\/wp-json\/wp\/v2\/types\/page"}],"author":[{"embeddable":true,"href":"https:\/\/bpsh.de\/fr\/wp-json\/wp\/v2\/users\/1"}],"replies":[{"embeddable":true,"href":"https:\/\/bpsh.de\/fr\/wp-json\/wp\/v2\/comments?post=744"}],"version-history":[{"count":6,"href":"https:\/\/bpsh.de\/fr\/wp-json\/wp\/v2\/pages\/744\/revisions"}],"predecessor-version":[{"id":1222,"href":"https:\/\/bpsh.de\/fr\/wp-json\/wp\/v2\/pages\/744\/revisions\/1222"}],"wp:attachment":[{"href":"https:\/\/bpsh.de\/fr\/wp-json\/wp\/v2\/media?parent=744"}],"curies":[{"name":"wp","href":"https:\/\/api.w.org\/{rel}","templated":true}]}}