{"id":1129,"date":"2017-04-25T11:03:28","date_gmt":"2017-04-25T11:03:28","guid":{"rendered":"http:\/\/entwicklung.web2020.bpsh.de\/?page_id=1129\/"},"modified":"2020-03-04T11:47:50","modified_gmt":"2020-03-04T11:47:50","slug":"contact","status":"publish","type":"page","link":"https:\/\/bpsh.de\/fr\/contact\/","title":{"rendered":"Contact"},"content":{"rendered":"<h3 class=\"gdl-header-title\">Trajet<\/h3>\n<p>&nbsp;<\/p>\n<p>En voiture\u00a0:<\/p>\n<p>Vous trouverez des parking publics sur la Sohnstra\u00dfe \u00e0 travers le carrefour.<\/p>\n<p>Par transports en commun\u00a0:<\/p>\n<p>A partir de la station de tram\/bus D\u00fcsseldorf Hauptbahnhof (station centrale des trains)<br \/>\n\u2013tram: la ligne 709 jusqu\u2019\u00e0 la station Engerstrasse<br \/>\n\u2013bus: la ligne 834 jusqu\u2018\u00e0 la station Engerstrasse<\/p>\n<p>L\u2019entr\u00e9e principale (Eingang A) du b\u00e2timent se trouve en arri\u00e8re du complex d`immeubles.<br \/>\nVous passez la maison de BMW et la barri\u00e8re du parking.<\/p>\n<p>L`entr\u00e9e A se trouve sur le cot\u00e9 droit de la rampe au parking couvert.<\/p>\n<p>&nbsp;<\/p>\n<p>&nbsp;<\/p>\n<p>&nbsp;<\/p>\n","protected":false},"excerpt":{"rendered":"<p>Trajet &nbsp; En voiture\u00a0: Vous trouverez des parking publics sur la Sohnstra\u00dfe \u00e0 travers le carrefour. Par transports en commun\u00a0: A partir de la station de tram\/bus D\u00fcsseldorf Hauptbahnhof (station centrale des trains) \u2013tram: la ligne 709 jusqu\u2019\u00e0 la station Engerstrasse \u2013bus: la ligne 834 jusqu\u2018\u00e0 la station Engerstrasse L\u2019entr\u00e9e principale (Eingang A) du b\u00e2timent se trouve en arri\u00e8re du complex d`immeubles. Vous passez la maison de BMW et la barri\u00e8re du parking. L`entr\u00e9e A se trouve sur le cot\u00e9 droit de la rampe au parking couvert. &nbsp; &nbsp; &nbsp;<\/p>\n","protected":false},"author":1,"featured_media":0,"parent":0,"menu_order":0,"comment_status":"closed","ping_status":"closed","template":"","meta":{"footnotes":""},"class_list":["post-1129","page","type-page","status-publish","hentry"],"yoast_head":"<!-- This site is optimized with the Yoast SEO plugin v26.8 - https:\/\/yoast.com\/product\/yoast-seo-wordpress\/ -->\n<title>Contact - BPSH<\/title>\n<meta name=\"description\" content=\"Contactez BPSH - votre experts dans tous les domaines du droit de protection industrielle situ\u00e9 \u00e0 D\u00fcsseldorf, Allemagne\" \/>\n<meta name=\"robots\" content=\"index, follow, max-snippet:-1, max-image-preview:large, max-video-preview:-1\" \/>\n<link rel=\"canonical\" href=\"https:\/\/bpsh.de\/fr\/contact\/\" \/>\n<meta property=\"og:locale\" content=\"fr_FR\" \/>\n<meta property=\"og:type\" content=\"article\" \/>\n<meta property=\"og:title\" content=\"Contact - BPSH\" \/>\n<meta property=\"og:description\" content=\"Contactez BPSH - votre experts dans tous les domaines du droit de protection industrielle situ\u00e9 \u00e0 D\u00fcsseldorf, Allemagne\" \/>\n<meta property=\"og:url\" content=\"https:\/\/bpsh.de\/fr\/contact\/\" \/>\n<meta property=\"og:site_name\" content=\"BPSH\" \/>\n<meta property=\"article:modified_time\" content=\"2020-03-04T11:47:50+00:00\" \/>\n<meta name=\"twitter:card\" content=\"summary_large_image\" \/>\n<script type=\"application\/ld+json\" class=\"yoast-schema-graph\">{\"@context\":\"https:\/\/schema.org\",\"@graph\":[{\"@type\":\"WebPage\",\"@id\":\"https:\/\/bpsh.de\/fr\/contact\/\",\"url\":\"https:\/\/bpsh.de\/fr\/contact\/\",\"name\":\"Contact - BPSH\",\"isPartOf\":{\"@id\":\"https:\/\/bpsh.de\/#website\"},\"datePublished\":\"2017-04-25T11:03:28+00:00\",\"dateModified\":\"2020-03-04T11:47:50+00:00\",\"description\":\"Contactez BPSH - votre experts dans tous les domaines du droit de protection industrielle situ\u00e9 \u00e0 D\u00fcsseldorf, Allemagne\",\"breadcrumb\":{\"@id\":\"https:\/\/bpsh.de\/fr\/contact\/#breadcrumb\"},\"inLanguage\":\"fr-FR\",\"potentialAction\":[{\"@type\":\"ReadAction\",\"target\":[\"https:\/\/bpsh.de\/fr\/contact\/\"]}]},{\"@type\":\"BreadcrumbList\",\"@id\":\"https:\/\/bpsh.de\/fr\/contact\/#breadcrumb\",\"itemListElement\":[{\"@type\":\"ListItem\",\"position\":1,\"name\":\"Startseite\",\"item\":\"https:\/\/bpsh.de\/fr\/\"},{\"@type\":\"ListItem\",\"position\":2,\"name\":\"Contact\"}]},{\"@type\":\"WebSite\",\"@id\":\"https:\/\/bpsh.de\/#website\",\"url\":\"https:\/\/bpsh.de\/\",\"name\":\"BPSH\",\"description\":\"Kanzlei f\u00fcr gewerblichen Rechtsschutz - Patente, Marken, Design\",\"publisher\":{\"@id\":\"https:\/\/bpsh.de\/#organization\"},\"potentialAction\":[{\"@type\":\"SearchAction\",\"target\":{\"@type\":\"EntryPoint\",\"urlTemplate\":\"https:\/\/bpsh.de\/?s={search_term_string}\"},\"query-input\":{\"@type\":\"PropertyValueSpecification\",\"valueRequired\":true,\"valueName\":\"search_term_string\"}}],\"inLanguage\":\"fr-FR\"},{\"@type\":\"Organization\",\"@id\":\"https:\/\/bpsh.de\/#organization\",\"name\":\"BPSH Schrooten Haber Remus Patent- und Rechtsanw\u00e4lte\",\"url\":\"https:\/\/bpsh.de\/\",\"logo\":{\"@type\":\"ImageObject\",\"inLanguage\":\"fr-FR\",\"@id\":\"https:\/\/bpsh.de\/#\/schema\/logo\/image\/\",\"url\":\"https:\/\/bpsh.de\/wp-content\/uploads\/2016\/03\/Logo-breiter-328x99-neue-Farbe-grau_-Arial-1.jpg\",\"contentUrl\":\"https:\/\/bpsh.de\/wp-content\/uploads\/2016\/03\/Logo-breiter-328x99-neue-Farbe-grau_-Arial-1.jpg\",\"width\":328,\"height\":99,\"caption\":\"BPSH Schrooten Haber Remus Patent- und Rechtsanw\u00e4lte\"},\"image\":{\"@id\":\"https:\/\/bpsh.de\/#\/schema\/logo\/image\/\"}}]}<\/script>\n<!-- \/ Yoast SEO plugin. -->","yoast_head_json":{"title":"Contact - BPSH","description":"Contactez BPSH - votre experts dans tous les domaines du droit de protection industrielle situ\u00e9 \u00e0 D\u00fcsseldorf, Allemagne","robots":{"index":"index","follow":"follow","max-snippet":"max-snippet:-1","max-image-preview":"max-image-preview:large","max-video-preview":"max-video-preview:-1"},"canonical":"https:\/\/bpsh.de\/fr\/contact\/","og_locale":"fr_FR","og_type":"article","og_title":"Contact - BPSH","og_description":"Contactez BPSH - votre experts dans tous les domaines du droit de protection industrielle situ\u00e9 \u00e0 D\u00fcsseldorf, Allemagne","og_url":"https:\/\/bpsh.de\/fr\/contact\/","og_site_name":"BPSH","article_modified_time":"2020-03-04T11:47:50+00:00","twitter_card":"summary_large_image","schema":{"@context":"https:\/\/schema.org","@graph":[{"@type":"WebPage","@id":"https:\/\/bpsh.de\/fr\/contact\/","url":"https:\/\/bpsh.de\/fr\/contact\/","name":"Contact - BPSH","isPartOf":{"@id":"https:\/\/bpsh.de\/#website"},"datePublished":"2017-04-25T11:03:28+00:00","dateModified":"2020-03-04T11:47:50+00:00","description":"Contactez BPSH - votre experts dans tous les domaines du droit de protection industrielle situ\u00e9 \u00e0 D\u00fcsseldorf, Allemagne","breadcrumb":{"@id":"https:\/\/bpsh.de\/fr\/contact\/#breadcrumb"},"inLanguage":"fr-FR","potentialAction":[{"@type":"ReadAction","target":["https:\/\/bpsh.de\/fr\/contact\/"]}]},{"@type":"BreadcrumbList","@id":"https:\/\/bpsh.de\/fr\/contact\/#breadcrumb","itemListElement":[{"@type":"ListItem","position":1,"name":"Startseite","item":"https:\/\/bpsh.de\/fr\/"},{"@type":"ListItem","position":2,"name":"Contact"}]},{"@type":"WebSite","@id":"https:\/\/bpsh.de\/#website","url":"https:\/\/bpsh.de\/","name":"BPSH","description":"Kanzlei f\u00fcr gewerblichen Rechtsschutz - Patente, Marken, Design","publisher":{"@id":"https:\/\/bpsh.de\/#organization"},"potentialAction":[{"@type":"SearchAction","target":{"@type":"EntryPoint","urlTemplate":"https:\/\/bpsh.de\/?s={search_term_string}"},"query-input":{"@type":"PropertyValueSpecification","valueRequired":true,"valueName":"search_term_string"}}],"inLanguage":"fr-FR"},{"@type":"Organization","@id":"https:\/\/bpsh.de\/#organization","name":"BPSH Schrooten Haber Remus Patent- und Rechtsanw\u00e4lte","url":"https:\/\/bpsh.de\/","logo":{"@type":"ImageObject","inLanguage":"fr-FR","@id":"https:\/\/bpsh.de\/#\/schema\/logo\/image\/","url":"https:\/\/bpsh.de\/wp-content\/uploads\/2016\/03\/Logo-breiter-328x99-neue-Farbe-grau_-Arial-1.jpg","contentUrl":"https:\/\/bpsh.de\/wp-content\/uploads\/2016\/03\/Logo-breiter-328x99-neue-Farbe-grau_-Arial-1.jpg","width":328,"height":99,"caption":"BPSH Schrooten Haber Remus Patent- und Rechtsanw\u00e4lte"},"image":{"@id":"https:\/\/bpsh.de\/#\/schema\/logo\/image\/"}}]}},"_links":{"self":[{"href":"https:\/\/bpsh.de\/fr\/wp-json\/wp\/v2\/pages\/1129","targetHints":{"allow":["GET"]}}],"collection":[{"href":"https:\/\/bpsh.de\/fr\/wp-json\/wp\/v2\/pages"}],"about":[{"href":"https:\/\/bpsh.de\/fr\/wp-json\/wp\/v2\/types\/page"}],"author":[{"embeddable":true,"href":"https:\/\/bpsh.de\/fr\/wp-json\/wp\/v2\/users\/1"}],"replies":[{"embeddable":true,"href":"https:\/\/bpsh.de\/fr\/wp-json\/wp\/v2\/comments?post=1129"}],"version-history":[{"count":7,"href":"https:\/\/bpsh.de\/fr\/wp-json\/wp\/v2\/pages\/1129\/revisions"}],"predecessor-version":[{"id":1310,"href":"https:\/\/bpsh.de\/fr\/wp-json\/wp\/v2\/pages\/1129\/revisions\/1310"}],"wp:attachment":[{"href":"https:\/\/bpsh.de\/fr\/wp-json\/wp\/v2\/media?parent=1129"}],"curies":[{"name":"wp","href":"https:\/\/api.w.org\/{rel}","templated":true}]}}